{"id":430,"date":"2023-03-05T15:52:49","date_gmt":"2023-03-05T15:52:49","guid":{"rendered":"https:\/\/romheritage.eu\/?page_id=430"},"modified":"2023-05-12T10:27:48","modified_gmt":"2023-05-12T10:27:48","slug":"430-2","status":"publish","type":"page","link":"https:\/\/romheritage.eu\/?page_id=430","title":{"rendered":""},"content":{"rendered":"\n<div class=\"wp-block-jetpack-slideshow aligncenter\" data-effect=\"slide\"><div class=\"wp-block-jetpack-slideshow_container swiper-container\"><ul class=\"wp-block-jetpack-slideshow_swiper-wrapper swiper-wrapper\"><li class=\"wp-block-jetpack-slideshow_slide swiper-slide\"><figure><img loading=\"lazy\" decoding=\"async\" width=\"960\" height=\"720\" alt=\"\" class=\"wp-block-jetpack-slideshow_image wp-image-507\" data-id=\"507\" src=\"https:\/\/romheritage.eu\/wp-content\/uploads\/2023\/05\/PosterCervantesEN-1.jpg\" srcset=\"https:\/\/romheritage.eu\/wp-content\/uploads\/2023\/05\/PosterCervantesEN-1.jpg 960w, https:\/\/romheritage.eu\/wp-content\/uploads\/2023\/05\/PosterCervantesEN-1-300x225.jpg 300w, https:\/\/romheritage.eu\/wp-content\/uploads\/2023\/05\/PosterCervantesEN-1-768x576.jpg 768w\" sizes=\"auto, (max-width: 960px) 100vw, 960px\" \/><\/figure><\/li><li class=\"wp-block-jetpack-slideshow_slide swiper-slide\"><figure><img loading=\"lazy\" decoding=\"async\" width=\"1024\" height=\"682\" alt=\"\" class=\"wp-block-jetpack-slideshow_image wp-image-488\" data-id=\"488\" src=\"https:\/\/romheritage.eu\/wp-content\/uploads\/2023\/03\/FqYMkzLXsAARQkL-1024x682.jpg\" srcset=\"https:\/\/romheritage.eu\/wp-content\/uploads\/2023\/03\/FqYMkzLXsAARQkL-1024x682.jpg 1024w, https:\/\/romheritage.eu\/wp-content\/uploads\/2023\/03\/FqYMkzLXsAARQkL-300x200.jpg 300w, https:\/\/romheritage.eu\/wp-content\/uploads\/2023\/03\/FqYMkzLXsAARQkL-768x512.jpg 768w, https:\/\/romheritage.eu\/wp-content\/uploads\/2023\/03\/FqYMkzLXsAARQkL-1200x799.jpg 1200w, https:\/\/romheritage.eu\/wp-content\/uploads\/2023\/03\/FqYMkzLXsAARQkL.jpg 1222w\" sizes=\"auto, (max-width: 1024px) 100vw, 1024px\" \/><\/figure><\/li><li class=\"wp-block-jetpack-slideshow_slide swiper-slide\"><figure><img loading=\"lazy\" decoding=\"async\" width=\"1024\" height=\"768\" alt=\"\" class=\"wp-block-jetpack-slideshow_image wp-image-434\" data-id=\"434\" src=\"https:\/\/romheritage.eu\/wp-content\/uploads\/2023\/03\/IMG-20230222-WA0015.jpg\" srcset=\"https:\/\/romheritage.eu\/wp-content\/uploads\/2023\/03\/IMG-20230222-WA0015.jpg 1024w, https:\/\/romheritage.eu\/wp-content\/uploads\/2023\/03\/IMG-20230222-WA0015-300x225.jpg 300w, https:\/\/romheritage.eu\/wp-content\/uploads\/2023\/03\/IMG-20230222-WA0015-768x576.jpg 768w\" sizes=\"auto, (max-width: 1024px) 100vw, 1024px\" \/><\/figure><\/li><li class=\"wp-block-jetpack-slideshow_slide swiper-slide\"><figure><img loading=\"lazy\" decoding=\"async\" width=\"1024\" height=\"768\" alt=\"\" class=\"wp-block-jetpack-slideshow_image wp-image-437\" data-id=\"437\" src=\"https:\/\/romheritage.eu\/wp-content\/uploads\/2023\/03\/IMG-20230222-WA0018.jpg\" srcset=\"https:\/\/romheritage.eu\/wp-content\/uploads\/2023\/03\/IMG-20230222-WA0018.jpg 1024w, https:\/\/romheritage.eu\/wp-content\/uploads\/2023\/03\/IMG-20230222-WA0018-300x225.jpg 300w, https:\/\/romheritage.eu\/wp-content\/uploads\/2023\/03\/IMG-20230222-WA0018-768x576.jpg 768w\" sizes=\"auto, (max-width: 1024px) 100vw, 1024px\" \/><\/figure><\/li><li class=\"wp-block-jetpack-slideshow_slide swiper-slide\"><figure><img loading=\"lazy\" decoding=\"async\" width=\"1024\" height=\"768\" alt=\"\" class=\"wp-block-jetpack-slideshow_image wp-image-436\" data-id=\"436\" src=\"https:\/\/romheritage.eu\/wp-content\/uploads\/2023\/03\/IMG-20230222-WA0017.jpg\" srcset=\"https:\/\/romheritage.eu\/wp-content\/uploads\/2023\/03\/IMG-20230222-WA0017.jpg 1024w, https:\/\/romheritage.eu\/wp-content\/uploads\/2023\/03\/IMG-20230222-WA0017-300x225.jpg 300w, https:\/\/romheritage.eu\/wp-content\/uploads\/2023\/03\/IMG-20230222-WA0017-768x576.jpg 768w\" sizes=\"auto, (max-width: 1024px) 100vw, 1024px\" \/><\/figure><\/li><li class=\"wp-block-jetpack-slideshow_slide swiper-slide\"><figure><img loading=\"lazy\" decoding=\"async\" width=\"1024\" height=\"682\" alt=\"\" class=\"wp-block-jetpack-slideshow_image wp-image-489\" data-id=\"489\" src=\"https:\/\/romheritage.eu\/wp-content\/uploads\/2023\/03\/FqYMkzOWwAAHgLM-1-1024x682.jpg\" srcset=\"https:\/\/romheritage.eu\/wp-content\/uploads\/2023\/03\/FqYMkzOWwAAHgLM-1-1024x682.jpg 1024w, https:\/\/romheritage.eu\/wp-content\/uploads\/2023\/03\/FqYMkzOWwAAHgLM-1-300x200.jpg 300w, https:\/\/romheritage.eu\/wp-content\/uploads\/2023\/03\/FqYMkzOWwAAHgLM-1-768x512.jpg 768w, https:\/\/romheritage.eu\/wp-content\/uploads\/2023\/03\/FqYMkzOWwAAHgLM-1-1200x799.jpg 1200w, https:\/\/romheritage.eu\/wp-content\/uploads\/2023\/03\/FqYMkzOWwAAHgLM-1.jpg 1222w\" sizes=\"auto, (max-width: 1024px) 100vw, 1024px\" \/><\/figure><\/li><li class=\"wp-block-jetpack-slideshow_slide swiper-slide\"><figure><img loading=\"lazy\" decoding=\"async\" width=\"1024\" height=\"1024\" alt=\"\" class=\"wp-block-jetpack-slideshow_image wp-image-439\" data-id=\"439\" src=\"https:\/\/romheritage.eu\/wp-content\/uploads\/2023\/03\/IMG-20230224-WA0017-1024x1024.jpg\" srcset=\"https:\/\/romheritage.eu\/wp-content\/uploads\/2023\/03\/IMG-20230224-WA0017-1024x1024.jpg 1024w, https:\/\/romheritage.eu\/wp-content\/uploads\/2023\/03\/IMG-20230224-WA0017-300x300.jpg 300w, https:\/\/romheritage.eu\/wp-content\/uploads\/2023\/03\/IMG-20230224-WA0017-150x150.jpg 150w, https:\/\/romheritage.eu\/wp-content\/uploads\/2023\/03\/IMG-20230224-WA0017-768x768.jpg 768w, https:\/\/romheritage.eu\/wp-content\/uploads\/2023\/03\/IMG-20230224-WA0017-1200x1200.jpg 1200w, https:\/\/romheritage.eu\/wp-content\/uploads\/2023\/03\/IMG-20230224-WA0017-1320x1320.jpg 1320w, https:\/\/romheritage.eu\/wp-content\/uploads\/2023\/03\/IMG-20230224-WA0017.jpg 1500w\" sizes=\"auto, (max-width: 1024px) 100vw, 1024px\" \/><\/figure><\/li><li class=\"wp-block-jetpack-slideshow_slide swiper-slide\"><figure><img loading=\"lazy\" decoding=\"async\" width=\"1024\" height=\"1024\" alt=\"\" class=\"wp-block-jetpack-slideshow_image wp-image-442\" data-id=\"442\" src=\"https:\/\/romheritage.eu\/wp-content\/uploads\/2023\/03\/IMG-20230222-WA0025-1-1024x1024.jpg\" srcset=\"https:\/\/romheritage.eu\/wp-content\/uploads\/2023\/03\/IMG-20230222-WA0025-1-1024x1024.jpg 1024w, https:\/\/romheritage.eu\/wp-content\/uploads\/2023\/03\/IMG-20230222-WA0025-1-300x300.jpg 300w, https:\/\/romheritage.eu\/wp-content\/uploads\/2023\/03\/IMG-20230222-WA0025-1-150x150.jpg 150w, https:\/\/romheritage.eu\/wp-content\/uploads\/2023\/03\/IMG-20230222-WA0025-1-768x768.jpg 768w, https:\/\/romheritage.eu\/wp-content\/uploads\/2023\/03\/IMG-20230222-WA0025-1-1200x1200.jpg 1200w, https:\/\/romheritage.eu\/wp-content\/uploads\/2023\/03\/IMG-20230222-WA0025-1-1320x1320.jpg 1320w, https:\/\/romheritage.eu\/wp-content\/uploads\/2023\/03\/IMG-20230222-WA0025-1.jpg 1500w\" sizes=\"auto, (max-width: 1024px) 100vw, 1024px\" \/><\/figure><\/li><li class=\"wp-block-jetpack-slideshow_slide swiper-slide\"><figure><img loading=\"lazy\" decoding=\"async\" width=\"1024\" height=\"682\" alt=\"\" class=\"wp-block-jetpack-slideshow_image wp-image-487\" data-id=\"487\" src=\"https:\/\/romheritage.eu\/wp-content\/uploads\/2023\/03\/230222_FotoCervantes-ROMHERITAGE-1024x682.jpg\" srcset=\"https:\/\/romheritage.eu\/wp-content\/uploads\/2023\/03\/230222_FotoCervantes-ROMHERITAGE-1024x682.jpg 1024w, https:\/\/romheritage.eu\/wp-content\/uploads\/2023\/03\/230222_FotoCervantes-ROMHERITAGE-300x200.jpg 300w, https:\/\/romheritage.eu\/wp-content\/uploads\/2023\/03\/230222_FotoCervantes-ROMHERITAGE-768x512.jpg 768w, https:\/\/romheritage.eu\/wp-content\/uploads\/2023\/03\/230222_FotoCervantes-ROMHERITAGE-1200x799.jpg 1200w, https:\/\/romheritage.eu\/wp-content\/uploads\/2023\/03\/230222_FotoCervantes-ROMHERITAGE-1320x879.jpg 1320w, https:\/\/romheritage.eu\/wp-content\/uploads\/2023\/03\/230222_FotoCervantes-ROMHERITAGE.jpg 1330w\" sizes=\"auto, (max-width: 1024px) 100vw, 1024px\" \/><\/figure><\/li><\/ul><a class=\"wp-block-jetpack-slideshow_button-prev swiper-button-prev swiper-button-white\" role=\"button\"><\/a><a class=\"wp-block-jetpack-slideshow_button-next swiper-button-next swiper-button-white\" role=\"button\"><\/a><a aria-label=\"Pause Slideshow\" class=\"wp-block-jetpack-slideshow_button-pause\" role=\"button\"><\/a><div class=\"wp-block-jetpack-slideshow_pagination swiper-pagination swiper-pagination-white\"><\/div><\/div><\/div>\n\n\n\n<div class=\"wp-block-columns alignwide is-layout-flex wp-container-core-columns-is-layout-9d6595d7 wp-block-columns-is-layout-flex\">\n<div class=\"wp-block-column is-layout-flow wp-block-column-is-layout-flow\" style=\"flex-basis:100%\">\n<h5>The headquarters of the Instituto Cervantes in Madrid hosted the presentation of the project &#8220;European Itineraries of Roma Cultural Heritage (ROMHERITAGE)&#8221;, on February 22, 2023.<\/h5>\n<p>The participants in the event were Luis Garc\u00eda Montero, Director of Instituto Cervantes; Fabi\u00e1n S\u00e1nchez, President of Asociaci\u00f3n Nacional Presencia Gitana; Eladio Fern\u00e1ndez-Galiano, Member of the Board of Directors of the European Institute of Cultural Routes; Timea Junghaus, Executive Director of ERIAC; \u0160tefan Simon\u010di\u010d, president of EPEKA Slovenia; Daniela de Rentiis, Coordinator of Associazione Th\u00e8m Romano and Gonzalo Monta\u00f1o, Project manager of Presencia Gitana.<\/p>\n<p>The presentation featured musical performances by the Alexian Group (Santino Spinelli on accordion and his son Gennaro on violin), and Flamenco singer Lela Soto &#8220;Sordera&#8221;, accompanied by guitarist Antonio Malena.<\/p>\n<\/div>\n<\/div>\n\n\n\n<div class=\"wp-block-buttons is-content-justification-center is-layout-flex wp-container-core-buttons-is-layout-16018d1d wp-block-buttons-is-layout-flex\">\n<div class=\"wp-block-button aligncenter\"><a class=\"wp-block-button__link wp-element-button\" href=\"https:\/\/cultura.cervantes.es\/espanya\/es\/Itinerarios-Europeos-del-Patrimonio-Cultural-Gitano--ROMHERITAGE-\/157803\" target=\"_blank\" rel=\"noreferrer noopener\">MORE INFO AT THE INSTITUTO CERVANTES WEBSITE<\/a><\/div>\n<\/div>\n\n\n\n<div class=\"wp-block-buttons is-content-justification-center is-layout-flex wp-container-core-buttons-is-layout-16018d1d wp-block-buttons-is-layout-flex\">\n<div class=\"wp-block-button aligncenter\"><a class=\"wp-block-button__link wp-element-button\" href=\"https:\/\/www.youtube.com\/watch?v=pmXaNoYwM_s\" target=\"_blank\" rel=\"noreferrer noopener\">watch THE ROMHERITAGE PRESENTATION VIDEO<\/a><\/div>\n<\/div>\n\n\n\n<div class=\"wp-block-columns is-layout-flex wp-container-core-columns-is-layout-9d6595d7 wp-block-columns-is-layout-flex\">\n<div class=\"wp-block-column is-layout-flow wp-block-column-is-layout-flow\">\n<div class=\"wp-block-buttons is-content-justification-center is-layout-flex wp-container-core-buttons-is-layout-16018d1d wp-block-buttons-is-layout-flex\">\n<div class=\"wp-block-button aligncenter\"><a class=\"wp-block-button__link wp-element-button\">PRESS:<\/a><\/div>\n<\/div>\n<\/div>\n<\/div>\n\n\n\n<div class=\"wp-block-columns is-layout-flex wp-container-core-columns-is-layout-9d6595d7 wp-block-columns-is-layout-flex\">\n<div class=\"wp-block-column is-layout-flow wp-block-column-is-layout-flow\"><div class=\"wp-block-image\">\n<figure class=\"aligncenter size-full is-resized\"><a href=\"https:\/\/www.lavanguardia.com\/vida\/20230222\/8776026\/espana-italia-eslovenia-crean-itinerarios-europeos-patrimonio-gitano.html\" target=\"_blank\" rel=\"https:\/\/www.lavanguardia.com\/vida\/20230222\/8776026\/espana-italia-eslovenia-crean-itinerarios-europeos-patrimonio-gitano.html noopener\"><img loading=\"lazy\" decoding=\"async\" src=\"https:\/\/romheritage.eu\/wp-content\/uploads\/2023\/03\/logo_la_vanguardia3-1.png\" alt=\"\" class=\"wp-image-469\" width=\"191\" height=\"23\" srcset=\"https:\/\/romheritage.eu\/wp-content\/uploads\/2023\/03\/logo_la_vanguardia3-1.png 700w, https:\/\/romheritage.eu\/wp-content\/uploads\/2023\/03\/logo_la_vanguardia3-1-300x37.png 300w\" sizes=\"auto, (max-width: 191px) 100vw, 191px\" \/><\/a><\/figure>\n<\/div><\/div>\n\n\n\n<div class=\"wp-block-column is-layout-flow wp-block-column-is-layout-flow\"><div class=\"wp-block-image\">\n<figure class=\"aligncenter size-full is-resized\"><a href=\"https:\/\/www.cope.es\/actualidad\/cultura\/noticias\/espana-italia-eslovenia-crean-itinerarios-europeos-del-patrimonio-gitano-20230222_2566184\" target=\"_blank\" rel=\"noreferrer noopener\"><img loading=\"lazy\" decoding=\"async\" src=\"https:\/\/romheritage.eu\/wp-content\/uploads\/2023\/03\/cope.jpg\" alt=\"\" class=\"wp-image-470\" width=\"88\" height=\"36\"\/><\/a><\/figure>\n<\/div><\/div>\n\n\n\n<div class=\"wp-block-column is-layout-flow wp-block-column-is-layout-flow\"><div class=\"wp-block-image\">\n<figure class=\"aligncenter size-full is-resized\"><a href=\"https:\/\/www.itagnol.com\/2023\/02\/madrid-presentazione-del-progetto-itinerari-europei-del-patrimonio-culturale-gitano-con-concerto-di-due-artisti-italiani\/\" target=\"_blank\" rel=\"noreferrer noopener\"><img loading=\"lazy\" decoding=\"async\" src=\"https:\/\/romheritage.eu\/wp-content\/uploads\/2023\/03\/cropped-logo-testata-itagnol-2.webp\" alt=\"\" class=\"wp-image-467\" width=\"120\" height=\"39\" srcset=\"https:\/\/romheritage.eu\/wp-content\/uploads\/2023\/03\/cropped-logo-testata-itagnol-2.webp 321w, https:\/\/romheritage.eu\/wp-content\/uploads\/2023\/03\/cropped-logo-testata-itagnol-2-300x98.webp 300w\" sizes=\"auto, (max-width: 120px) 100vw, 120px\" \/><\/a><\/figure>\n<\/div><\/div>\n<\/div>\n\n\n\n<div class=\"wp-block-group alignwide has-background\" style=\"background-color:#e3a1271c\"><div class=\"wp-block-group__inner-container is-layout-flow wp-block-group-is-layout-flow\">\n<p><\/p>\n\n\n\n<figure class=\"wp-block-embed is-type-video is-provider-youtube wp-block-embed-youtube wp-embed-aspect-16-9 wp-has-aspect-ratio\"><div class=\"wp-block-embed__wrapper\">\n<iframe loading=\"lazy\" title=\"Presentaci\u00f3n del proyecto \u00abItinerarios Europeos del Patrimonio Cultural Gitano (ROMHERITAGE)\u00bb\" width=\"580\" height=\"326\" src=\"https:\/\/www.youtube.com\/embed\/pmXaNoYwM_s?feature=oembed\" frameborder=\"0\" allow=\"accelerometer; autoplay; clipboard-write; encrypted-media; gyroscope; picture-in-picture; web-share\" referrerpolicy=\"strict-origin-when-cross-origin\" allowfullscreen><\/iframe>\n<\/div><\/figure>\n<\/div><\/div>\n\n\n\n<figure class=\"wp-block-gallery alignwide has-nested-images columns-default is-cropped wp-block-gallery-1 is-layout-flex wp-block-gallery-is-layout-flex\">\n<figure class=\"wp-block-image size-large\"><img loading=\"lazy\" decoding=\"async\" width=\"1024\" height=\"1024\" data-id=\"440\" src=\"https:\/\/romheritage.eu\/wp-content\/uploads\/2023\/03\/IMG-20230222-WA0024-1024x1024.jpg\" alt=\"\" class=\"wp-image-440\" srcset=\"https:\/\/romheritage.eu\/wp-content\/uploads\/2023\/03\/IMG-20230222-WA0024-1024x1024.jpg 1024w, https:\/\/romheritage.eu\/wp-content\/uploads\/2023\/03\/IMG-20230222-WA0024-300x300.jpg 300w, https:\/\/romheritage.eu\/wp-content\/uploads\/2023\/03\/IMG-20230222-WA0024-150x150.jpg 150w, https:\/\/romheritage.eu\/wp-content\/uploads\/2023\/03\/IMG-20230222-WA0024-768x768.jpg 768w, https:\/\/romheritage.eu\/wp-content\/uploads\/2023\/03\/IMG-20230222-WA0024-1200x1200.jpg 1200w, https:\/\/romheritage.eu\/wp-content\/uploads\/2023\/03\/IMG-20230222-WA0024-1320x1320.jpg 1320w, https:\/\/romheritage.eu\/wp-content\/uploads\/2023\/03\/IMG-20230222-WA0024.jpg 1500w\" sizes=\"auto, (max-width: 1024px) 100vw, 1024px\" \/><\/figure>\n\n\n\n<figure class=\"wp-block-image size-large\"><img loading=\"lazy\" decoding=\"async\" width=\"1024\" height=\"1024\" data-id=\"438\" src=\"https:\/\/romheritage.eu\/wp-content\/uploads\/2023\/03\/IMG-20230222-WA0023-1024x1024.jpg\" alt=\"\" class=\"wp-image-438\" srcset=\"https:\/\/romheritage.eu\/wp-content\/uploads\/2023\/03\/IMG-20230222-WA0023-1024x1024.jpg 1024w, https:\/\/romheritage.eu\/wp-content\/uploads\/2023\/03\/IMG-20230222-WA0023-300x300.jpg 300w, https:\/\/romheritage.eu\/wp-content\/uploads\/2023\/03\/IMG-20230222-WA0023-150x150.jpg 150w, https:\/\/romheritage.eu\/wp-content\/uploads\/2023\/03\/IMG-20230222-WA0023-768x768.jpg 768w, https:\/\/romheritage.eu\/wp-content\/uploads\/2023\/03\/IMG-20230222-WA0023-1200x1200.jpg 1200w, https:\/\/romheritage.eu\/wp-content\/uploads\/2023\/03\/IMG-20230222-WA0023-1320x1320.jpg 1320w, https:\/\/romheritage.eu\/wp-content\/uploads\/2023\/03\/IMG-20230222-WA0023.jpg 1500w\" sizes=\"auto, (max-width: 1024px) 100vw, 1024px\" \/><\/figure>\n<\/figure>\n","protected":false},"excerpt":{"rendered":"<p>The headquarters of the Instituto Cervantes in Madrid hosted the presentation of the project &#8220;European Itineraries of Roma Cultural Heritage (ROMHERITAGE)&#8221;, on February 22, 2023. The participants in the event were Luis Garc\u00eda Montero, Director of Instituto Cervantes; Fabi\u00e1n S\u00e1nchez, President of Asociaci\u00f3n Nacional Presencia Gitana; Eladio Fern\u00e1ndez-Galiano, Member of the Board of Directors of [&hellip;]<\/p>\n","protected":false},"author":1,"featured_media":0,"parent":0,"menu_order":0,"comment_status":"closed","ping_status":"closed","template":"","meta":{"footnotes":""},"class_list":["post-430","page","type-page","status-publish","hentry"],"yoast_head":"<!-- This site is optimized with the Yoast SEO plugin v21.3 - https:\/\/yoast.com\/wordpress\/plugins\/seo\/ -->\n<title>- ROMHERITAGE<\/title>\n<meta name=\"robots\" content=\"index, follow, max-snippet:-1, max-image-preview:large, max-video-preview:-1\" \/>\n<link rel=\"canonical\" href=\"https:\/\/romheritage.eu\/?page_id=430\" \/>\n<meta property=\"og:locale\" content=\"en_US\" \/>\n<meta property=\"og:type\" content=\"article\" \/>\n<meta property=\"og:title\" content=\"- ROMHERITAGE\" \/>\n<meta property=\"og:description\" content=\"The headquarters of the Instituto Cervantes in Madrid hosted the presentation of the project &#8220;European Itineraries of Roma Cultural Heritage (ROMHERITAGE)&#8221;, on February 22, 2023. The participants in the event were Luis Garc\u00eda Montero, Director of Instituto Cervantes; Fabi\u00e1n S\u00e1nchez, President of Asociaci\u00f3n Nacional Presencia Gitana; Eladio Fern\u00e1ndez-Galiano, Member of the Board of Directors of [&hellip;]\" \/>\n<meta property=\"og:url\" content=\"https:\/\/romheritage.eu\/?page_id=430\" \/>\n<meta property=\"og:site_name\" content=\"ROMHERITAGE\" \/>\n<meta property=\"article:modified_time\" content=\"2023-05-12T10:27:48+00:00\" \/>\n<meta property=\"og:image\" content=\"https:\/\/romheritage.eu\/wp-content\/uploads\/2023\/05\/PosterCervantesEN-1.jpg\" \/>\n<meta name=\"twitter:card\" content=\"summary_large_image\" \/>\n<meta name=\"twitter:label1\" content=\"Est. reading time\" \/>\n\t<meta name=\"twitter:data1\" content=\"4 minutes\" \/>\n<script type=\"application\/ld+json\" class=\"yoast-schema-graph\">{\"@context\":\"https:\/\/schema.org\",\"@graph\":[{\"@type\":\"WebPage\",\"@id\":\"https:\/\/romheritage.eu\/?page_id=430\",\"url\":\"https:\/\/romheritage.eu\/?page_id=430\",\"name\":\"- ROMHERITAGE\",\"isPartOf\":{\"@id\":\"https:\/\/romheritage.eu\/#website\"},\"datePublished\":\"2023-03-05T15:52:49+00:00\",\"dateModified\":\"2023-05-12T10:27:48+00:00\",\"inLanguage\":\"en-US\",\"potentialAction\":[{\"@type\":\"ReadAction\",\"target\":[\"https:\/\/romheritage.eu\/?page_id=430\"]}]},{\"@type\":\"WebSite\",\"@id\":\"https:\/\/romheritage.eu\/#website\",\"url\":\"https:\/\/romheritage.eu\/\",\"name\":\"ROMHERITAGE\",\"description\":\"\",\"publisher\":{\"@id\":\"https:\/\/romheritage.eu\/#organization\"},\"potentialAction\":[{\"@type\":\"SearchAction\",\"target\":{\"@type\":\"EntryPoint\",\"urlTemplate\":\"https:\/\/romheritage.eu\/?s={search_term_string}\"},\"query-input\":\"required name=search_term_string\"}],\"inLanguage\":\"en-US\"},{\"@type\":\"Organization\",\"@id\":\"https:\/\/romheritage.eu\/#organization\",\"name\":\"ROMHERITAGE\",\"url\":\"https:\/\/romheritage.eu\/\",\"logo\":{\"@type\":\"ImageObject\",\"inLanguage\":\"en-US\",\"@id\":\"https:\/\/romheritage.eu\/#\/schema\/logo\/image\/\",\"url\":\"https:\/\/romheritage.eu\/wp-content\/uploads\/2023\/02\/Logo-Vertical.jpg\",\"contentUrl\":\"https:\/\/romheritage.eu\/wp-content\/uploads\/2023\/02\/Logo-Vertical.jpg\",\"width\":492,\"height\":389,\"caption\":\"ROMHERITAGE\"},\"image\":{\"@id\":\"https:\/\/romheritage.eu\/#\/schema\/logo\/image\/\"}}]}<\/script>\n<!-- \/ Yoast SEO plugin. -->","yoast_head_json":{"title":"- ROMHERITAGE","robots":{"index":"index","follow":"follow","max-snippet":"max-snippet:-1","max-image-preview":"max-image-preview:large","max-video-preview":"max-video-preview:-1"},"canonical":"https:\/\/romheritage.eu\/?page_id=430","og_locale":"en_US","og_type":"article","og_title":"- ROMHERITAGE","og_description":"The headquarters of the Instituto Cervantes in Madrid hosted the presentation of the project &#8220;European Itineraries of Roma Cultural Heritage (ROMHERITAGE)&#8221;, on February 22, 2023. The participants in the event were Luis Garc\u00eda Montero, Director of Instituto Cervantes; Fabi\u00e1n S\u00e1nchez, President of Asociaci\u00f3n Nacional Presencia Gitana; Eladio Fern\u00e1ndez-Galiano, Member of the Board of Directors of [&hellip;]","og_url":"https:\/\/romheritage.eu\/?page_id=430","og_site_name":"ROMHERITAGE","article_modified_time":"2023-05-12T10:27:48+00:00","og_image":[{"url":"https:\/\/romheritage.eu\/wp-content\/uploads\/2023\/05\/PosterCervantesEN-1.jpg"}],"twitter_card":"summary_large_image","twitter_misc":{"Est. reading time":"4 minutes"},"schema":{"@context":"https:\/\/schema.org","@graph":[{"@type":"WebPage","@id":"https:\/\/romheritage.eu\/?page_id=430","url":"https:\/\/romheritage.eu\/?page_id=430","name":"- ROMHERITAGE","isPartOf":{"@id":"https:\/\/romheritage.eu\/#website"},"datePublished":"2023-03-05T15:52:49+00:00","dateModified":"2023-05-12T10:27:48+00:00","inLanguage":"en-US","potentialAction":[{"@type":"ReadAction","target":["https:\/\/romheritage.eu\/?page_id=430"]}]},{"@type":"WebSite","@id":"https:\/\/romheritage.eu\/#website","url":"https:\/\/romheritage.eu\/","name":"ROMHERITAGE","description":"","publisher":{"@id":"https:\/\/romheritage.eu\/#organization"},"potentialAction":[{"@type":"SearchAction","target":{"@type":"EntryPoint","urlTemplate":"https:\/\/romheritage.eu\/?s={search_term_string}"},"query-input":"required name=search_term_string"}],"inLanguage":"en-US"},{"@type":"Organization","@id":"https:\/\/romheritage.eu\/#organization","name":"ROMHERITAGE","url":"https:\/\/romheritage.eu\/","logo":{"@type":"ImageObject","inLanguage":"en-US","@id":"https:\/\/romheritage.eu\/#\/schema\/logo\/image\/","url":"https:\/\/romheritage.eu\/wp-content\/uploads\/2023\/02\/Logo-Vertical.jpg","contentUrl":"https:\/\/romheritage.eu\/wp-content\/uploads\/2023\/02\/Logo-Vertical.jpg","width":492,"height":389,"caption":"ROMHERITAGE"},"image":{"@id":"https:\/\/romheritage.eu\/#\/schema\/logo\/image\/"}}]}},"jetpack_sharing_enabled":true,"_links":{"self":[{"href":"https:\/\/romheritage.eu\/index.php?rest_route=\/wp\/v2\/pages\/430","targetHints":{"allow":["GET"]}}],"collection":[{"href":"https:\/\/romheritage.eu\/index.php?rest_route=\/wp\/v2\/pages"}],"about":[{"href":"https:\/\/romheritage.eu\/index.php?rest_route=\/wp\/v2\/types\/page"}],"author":[{"embeddable":true,"href":"https:\/\/romheritage.eu\/index.php?rest_route=\/wp\/v2\/users\/1"}],"replies":[{"embeddable":true,"href":"https:\/\/romheritage.eu\/index.php?rest_route=%2Fwp%2Fv2%2Fcomments&post=430"}],"version-history":[{"count":27,"href":"https:\/\/romheritage.eu\/index.php?rest_route=\/wp\/v2\/pages\/430\/revisions"}],"predecessor-version":[{"id":509,"href":"https:\/\/romheritage.eu\/index.php?rest_route=\/wp\/v2\/pages\/430\/revisions\/509"}],"wp:attachment":[{"href":"https:\/\/romheritage.eu\/index.php?rest_route=%2Fwp%2Fv2%2Fmedia&parent=430"}],"curies":[{"name":"wp","href":"https:\/\/api.w.org\/{rel}","templated":true}]}}