{"id":691,"date":"2024-11-25T17:25:33","date_gmt":"2024-11-25T17:25:33","guid":{"rendered":"https:\/\/romheritage.eu\/?page_id=691"},"modified":"2024-11-27T18:20:38","modified_gmt":"2024-11-27T18:20:38","slug":"430-2-3-2-3","status":"publish","type":"page","link":"https:\/\/romheritage.eu\/?page_id=691","title":{"rendered":"Granada"},"content":{"rendered":"\n<div class=\"wp-block-jetpack-slideshow aligncenter\" data-effect=\"slide\"><div class=\"wp-block-jetpack-slideshow_container swiper-container\"><ul class=\"wp-block-jetpack-slideshow_swiper-wrapper swiper-wrapper\"><li class=\"wp-block-jetpack-slideshow_slide swiper-slide\"><figure><img loading=\"lazy\" decoding=\"async\" width=\"960\" height=\"720\" alt=\"\" class=\"wp-block-jetpack-slideshow_image wp-image-694\" data-id=\"694\" src=\"https:\/\/romheritage.eu\/wp-content\/uploads\/2024\/11\/PosterGranada2.jpg\" srcset=\"https:\/\/romheritage.eu\/wp-content\/uploads\/2024\/11\/PosterGranada2.jpg 960w, https:\/\/romheritage.eu\/wp-content\/uploads\/2024\/11\/PosterGranada2-300x225.jpg 300w, https:\/\/romheritage.eu\/wp-content\/uploads\/2024\/11\/PosterGranada2-768x576.jpg 768w\" sizes=\"auto, (max-width: 960px) 100vw, 960px\" \/><\/figure><\/li><li class=\"wp-block-jetpack-slideshow_slide swiper-slide\"><figure><img loading=\"lazy\" decoding=\"async\" width=\"1024\" height=\"768\" alt=\"\" class=\"wp-block-jetpack-slideshow_image wp-image-695\" data-id=\"695\" src=\"https:\/\/romheritage.eu\/wp-content\/uploads\/2024\/11\/RomheritageGranada03-1024x768.jpg\" srcset=\"https:\/\/romheritage.eu\/wp-content\/uploads\/2024\/11\/RomheritageGranada03-1024x768.jpg 1024w, https:\/\/romheritage.eu\/wp-content\/uploads\/2024\/11\/RomheritageGranada03-300x225.jpg 300w, https:\/\/romheritage.eu\/wp-content\/uploads\/2024\/11\/RomheritageGranada03-768x576.jpg 768w, https:\/\/romheritage.eu\/wp-content\/uploads\/2024\/11\/RomheritageGranada03-1536x1152.jpg 1536w, https:\/\/romheritage.eu\/wp-content\/uploads\/2024\/11\/RomheritageGranada03-1200x900.jpg 1200w, https:\/\/romheritage.eu\/wp-content\/uploads\/2024\/11\/RomheritageGranada03-1320x990.jpg 1320w, https:\/\/romheritage.eu\/wp-content\/uploads\/2024\/11\/RomheritageGranada03.jpg 1600w\" sizes=\"auto, (max-width: 1024px) 100vw, 1024px\" \/><\/figure><\/li><li class=\"wp-block-jetpack-slideshow_slide swiper-slide\"><figure><img loading=\"lazy\" decoding=\"async\" width=\"1024\" height=\"768\" alt=\"\" class=\"wp-block-jetpack-slideshow_image wp-image-699\" data-id=\"699\" src=\"https:\/\/romheritage.eu\/wp-content\/uploads\/2024\/11\/RomheritageGranada01-1024x768.jpg\" srcset=\"https:\/\/romheritage.eu\/wp-content\/uploads\/2024\/11\/RomheritageGranada01-1024x768.jpg 1024w, https:\/\/romheritage.eu\/wp-content\/uploads\/2024\/11\/RomheritageGranada01-300x225.jpg 300w, https:\/\/romheritage.eu\/wp-content\/uploads\/2024\/11\/RomheritageGranada01-768x576.jpg 768w, https:\/\/romheritage.eu\/wp-content\/uploads\/2024\/11\/RomheritageGranada01-1536x1152.jpg 1536w, https:\/\/romheritage.eu\/wp-content\/uploads\/2024\/11\/RomheritageGranada01-1200x900.jpg 1200w, https:\/\/romheritage.eu\/wp-content\/uploads\/2024\/11\/RomheritageGranada01-1320x990.jpg 1320w, https:\/\/romheritage.eu\/wp-content\/uploads\/2024\/11\/RomheritageGranada01.jpg 1600w\" sizes=\"auto, (max-width: 1024px) 100vw, 1024px\" \/><\/figure><\/li><li class=\"wp-block-jetpack-slideshow_slide swiper-slide\"><figure><img loading=\"lazy\" decoding=\"async\" width=\"1024\" height=\"768\" alt=\"\" class=\"wp-block-jetpack-slideshow_image wp-image-700\" data-id=\"700\" src=\"https:\/\/romheritage.eu\/wp-content\/uploads\/2024\/11\/RomheritageGranada02-1024x768.jpg\" srcset=\"https:\/\/romheritage.eu\/wp-content\/uploads\/2024\/11\/RomheritageGranada02-1024x768.jpg 1024w, https:\/\/romheritage.eu\/wp-content\/uploads\/2024\/11\/RomheritageGranada02-300x225.jpg 300w, https:\/\/romheritage.eu\/wp-content\/uploads\/2024\/11\/RomheritageGranada02-768x576.jpg 768w, https:\/\/romheritage.eu\/wp-content\/uploads\/2024\/11\/RomheritageGranada02-1536x1152.jpg 1536w, https:\/\/romheritage.eu\/wp-content\/uploads\/2024\/11\/RomheritageGranada02-1200x900.jpg 1200w, https:\/\/romheritage.eu\/wp-content\/uploads\/2024\/11\/RomheritageGranada02-1320x990.jpg 1320w, https:\/\/romheritage.eu\/wp-content\/uploads\/2024\/11\/RomheritageGranada02.jpg 1600w\" sizes=\"auto, (max-width: 1024px) 100vw, 1024px\" \/><\/figure><\/li><li class=\"wp-block-jetpack-slideshow_slide swiper-slide\"><figure><img loading=\"lazy\" decoding=\"async\" width=\"1024\" height=\"611\" alt=\"\" class=\"wp-block-jetpack-slideshow_image wp-image-714\" data-id=\"714\" src=\"https:\/\/romheritage.eu\/wp-content\/uploads\/2024\/11\/RomheritageGranada04-1024x611.jpg\" srcset=\"https:\/\/romheritage.eu\/wp-content\/uploads\/2024\/11\/RomheritageGranada04-1024x611.jpg 1024w, https:\/\/romheritage.eu\/wp-content\/uploads\/2024\/11\/RomheritageGranada04-300x179.jpg 300w, https:\/\/romheritage.eu\/wp-content\/uploads\/2024\/11\/RomheritageGranada04-768x458.jpg 768w, https:\/\/romheritage.eu\/wp-content\/uploads\/2024\/11\/RomheritageGranada04-1536x916.jpg 1536w, https:\/\/romheritage.eu\/wp-content\/uploads\/2024\/11\/RomheritageGranada04-1200x716.jpg 1200w, https:\/\/romheritage.eu\/wp-content\/uploads\/2024\/11\/RomheritageGranada04-1320x787.jpg 1320w, https:\/\/romheritage.eu\/wp-content\/uploads\/2024\/11\/RomheritageGranada04.jpg 1888w\" sizes=\"auto, (max-width: 1024px) 100vw, 1024px\" \/><\/figure><\/li><li class=\"wp-block-jetpack-slideshow_slide swiper-slide\"><figure><img loading=\"lazy\" decoding=\"async\" width=\"712\" height=\"728\" alt=\"\" class=\"wp-block-jetpack-slideshow_image wp-image-718\" data-id=\"718\" src=\"https:\/\/romheritage.eu\/wp-content\/uploads\/2024\/11\/RomheritageGranada08.jpg\" srcset=\"https:\/\/romheritage.eu\/wp-content\/uploads\/2024\/11\/RomheritageGranada08.jpg 712w, https:\/\/romheritage.eu\/wp-content\/uploads\/2024\/11\/RomheritageGranada08-293x300.jpg 293w\" sizes=\"auto, (max-width: 712px) 100vw, 712px\" \/><\/figure><\/li><li class=\"wp-block-jetpack-slideshow_slide swiper-slide\"><figure><img loading=\"lazy\" decoding=\"async\" width=\"1024\" height=\"587\" alt=\"\" class=\"wp-block-jetpack-slideshow_image wp-image-715\" data-id=\"715\" src=\"https:\/\/romheritage.eu\/wp-content\/uploads\/2024\/11\/RomheritageGranada05-1024x587.jpg\" srcset=\"https:\/\/romheritage.eu\/wp-content\/uploads\/2024\/11\/RomheritageGranada05-1024x587.jpg 1024w, https:\/\/romheritage.eu\/wp-content\/uploads\/2024\/11\/RomheritageGranada05-300x172.jpg 300w, https:\/\/romheritage.eu\/wp-content\/uploads\/2024\/11\/RomheritageGranada05-768x441.jpg 768w, https:\/\/romheritage.eu\/wp-content\/uploads\/2024\/11\/RomheritageGranada05-1536x881.jpg 1536w, https:\/\/romheritage.eu\/wp-content\/uploads\/2024\/11\/RomheritageGranada05-1200x688.jpg 1200w, https:\/\/romheritage.eu\/wp-content\/uploads\/2024\/11\/RomheritageGranada05-1320x757.jpg 1320w, https:\/\/romheritage.eu\/wp-content\/uploads\/2024\/11\/RomheritageGranada05.jpg 1963w\" sizes=\"auto, (max-width: 1024px) 100vw, 1024px\" \/><\/figure><\/li><li class=\"wp-block-jetpack-slideshow_slide swiper-slide\"><figure><img loading=\"lazy\" decoding=\"async\" width=\"1024\" height=\"599\" alt=\"\" class=\"wp-block-jetpack-slideshow_image wp-image-716\" data-id=\"716\" src=\"https:\/\/romheritage.eu\/wp-content\/uploads\/2024\/11\/RomheritageGranada06-1024x599.jpg\" srcset=\"https:\/\/romheritage.eu\/wp-content\/uploads\/2024\/11\/RomheritageGranada06-1024x599.jpg 1024w, https:\/\/romheritage.eu\/wp-content\/uploads\/2024\/11\/RomheritageGranada06-300x175.jpg 300w, https:\/\/romheritage.eu\/wp-content\/uploads\/2024\/11\/RomheritageGranada06-768x449.jpg 768w, https:\/\/romheritage.eu\/wp-content\/uploads\/2024\/11\/RomheritageGranada06-1536x898.jpg 1536w, https:\/\/romheritage.eu\/wp-content\/uploads\/2024\/11\/RomheritageGranada06-1200x702.jpg 1200w, https:\/\/romheritage.eu\/wp-content\/uploads\/2024\/11\/RomheritageGranada06-1320x772.jpg 1320w, https:\/\/romheritage.eu\/wp-content\/uploads\/2024\/11\/RomheritageGranada06.jpg 1926w\" sizes=\"auto, (max-width: 1024px) 100vw, 1024px\" \/><\/figure><\/li><li class=\"wp-block-jetpack-slideshow_slide swiper-slide\"><figure><img loading=\"lazy\" decoding=\"async\" width=\"1024\" height=\"611\" alt=\"\" class=\"wp-block-jetpack-slideshow_image wp-image-717\" data-id=\"717\" src=\"https:\/\/romheritage.eu\/wp-content\/uploads\/2024\/11\/RomheritageGranada07-1024x611.jpg\" srcset=\"https:\/\/romheritage.eu\/wp-content\/uploads\/2024\/11\/RomheritageGranada07-1024x611.jpg 1024w, https:\/\/romheritage.eu\/wp-content\/uploads\/2024\/11\/RomheritageGranada07-300x179.jpg 300w, https:\/\/romheritage.eu\/wp-content\/uploads\/2024\/11\/RomheritageGranada07-768x459.jpg 768w, https:\/\/romheritage.eu\/wp-content\/uploads\/2024\/11\/RomheritageGranada07-1536x917.jpg 1536w, https:\/\/romheritage.eu\/wp-content\/uploads\/2024\/11\/RomheritageGranada07-1200x716.jpg 1200w, https:\/\/romheritage.eu\/wp-content\/uploads\/2024\/11\/RomheritageGranada07-1320x788.jpg 1320w, https:\/\/romheritage.eu\/wp-content\/uploads\/2024\/11\/RomheritageGranada07.jpg 1886w\" sizes=\"auto, (max-width: 1024px) 100vw, 1024px\" \/><\/figure><\/li><\/ul><a class=\"wp-block-jetpack-slideshow_button-prev swiper-button-prev swiper-button-white\" role=\"button\"><\/a><a class=\"wp-block-jetpack-slideshow_button-next swiper-button-next swiper-button-white\" role=\"button\"><\/a><a aria-label=\"Pause Slideshow\" class=\"wp-block-jetpack-slideshow_button-pause\" role=\"button\"><\/a><div class=\"wp-block-jetpack-slideshow_pagination swiper-pagination swiper-pagination-white\"><\/div><\/div><\/div>\n\n\n\n<div class=\"wp-block-columns alignwide is-layout-flex wp-container-core-columns-is-layout-9d6595d7 wp-block-columns-is-layout-flex\">\n<div class=\"wp-block-column is-layout-flow wp-block-column-is-layout-flow\" style=\"flex-basis:100%\">\n<h5>The Ethnological Museum of Romani Woman (Granada, Spain) hosted the presentation of the project &#8220;European Itineraries of Roma Cultural Heritage (ROMHERITAGE)&#8221;, on November 21th, 2024.<\/h5>\n<p>The Junta de Andaluc\u00eda (Regional Government of Andalusia, Spain) supported the European Itineraries of Roma Cultural Heritage (Romheritage) during the presentation of the project that took place at the <a href=\"https:\/\/turismo.granada.org\/es\/monumento\/museo\/museo-mujer-gitana\">Ethnological Museum of Romani Woman<\/a> (Granada), in which the regional government delegate for Social Inclusion, Youth, Families and Equality, Matilde Ortiz, participated, and mentioned that &#8220;this program represents a step forward in the recognition and appreciation of the Roma cultural heritage.&#8221;<\/p>\n<p>The event also included the participation of Fabi\u00e1n S\u00e1nchez (President of Presencia Gitana and Project manager of ROMHERITAGE), Gonzalo Monta\u00f1o (Coordinator in Spain of ROMHERITAGE), Dolores Fern\u00e1ndez (President of the Association of Roma Women &#8220;Rom\u00ed&#8221;, local point of the project in Granada), Manuel Mart\u00edn Ram\u00edrez (Founder and president of the advisory council of Presencia Gitana) and Paqui Fern\u00e1ndez (Director of the Andalusian Gypsy Socio-Cultural Center), who affirmed the importance of incorporating Granada in the itineraries, to make visible in Europe the diverse and rich Roma contributions in the region.<\/p>\n<p>After the presentation, there was a guided tour of the Ethnological Museum of Romani Woman (Granada), an essential point of the itinerary in Granada, as well as a round table on Romani cultural heritage and a flamenco workshop, attended by young Romani and non-Romani students from high schools and the University of Granada<span style=\"font-size: revert;\">.<\/span><\/p>\n<\/div>\n<\/div>\n\n\n\n<div class=\"wp-block-buttons is-content-justification-center is-layout-flex wp-container-core-buttons-is-layout-16018d1d wp-block-buttons-is-layout-flex\">\n<div class=\"wp-block-button aligncenter\"><a class=\"wp-block-button__link wp-element-button\" href=\"https:\/\/www.juntadeandalucia.es\/organismos\/sobre-junta\/altos-cargos\/agenda\/detalle\/199086.html\">MORE INFO AT THE junta de andalucia WEBSITE<\/a><\/div>\n<\/div>\n\n\n\n<div class=\"wp-block-columns is-layout-flex wp-container-core-columns-is-layout-9d6595d7 wp-block-columns-is-layout-flex\">\n<div class=\"wp-block-column is-layout-flow wp-block-column-is-layout-flow\">\n<div class=\"wp-block-buttons is-content-justification-center is-layout-flex wp-container-core-buttons-is-layout-16018d1d wp-block-buttons-is-layout-flex\">\n<div class=\"wp-block-button aligncenter\"><a class=\"wp-block-button__link wp-element-button\">PRESS:<\/a><\/div>\n<\/div>\n\n\n\n<p class=\"has-text-align-center\"><strong><a href=\"https:\/\/www.granadahoy.com\/granada\/granada-incorpora-nuevas-rutas-dar_0_2002842318.html\">GRANADA HOY<\/a> \/ <a href=\"https:\/\/www.europapress.es\/esandalucia\/granada\/noticia-nuevas-rutas-dan-conocer-contribuciones-romanies-granada-historia-cultura-europeas-20241121133955.html\">EUROPA PRESS<\/a> \/ <a href=\"https:\/\/www.lavanguardia.com\/local\/sevilla\/20241121\/10126930\/nuevas-rutas-dan-conocer-contribuciones-romanies-granada-historia-cultura-europeas-agenciaslv20241121.html\">LA VANGUARDIA<\/a> \/ <a href=\"https:\/\/www.granadaesnoticia.com\/provincia\/la-junta-respalda-el-proyecto-europeo-romheritage#goog_rewarded\">GRANADA ES NOTICIA<\/a> \/ <a href=\"https:\/\/www.elfaromotril.es\/2024\/11\/21\/la-junta-respalda-el-proyecto-europeo-romheritage-al-que-la-asociacion-de-mujeres-gitanas-romi-incorpora-una-iniciativa\/\">EL FARO MOTRIL<\/a> \/ <a href=\"https:\/\/www.granadadigital.es\/nuevas-rutas-dan-conocer-contribuciones-romanies-granada-historia-cultura-europeas\/\">GRANADA DIGITAL<\/a> \/ <a href=\"https:\/\/lagacetadegranada.es\/la-junta-respalda-el-proyecto-europeo-romheritage\/\">LA GACETA DE GRANADA<\/a><\/strong><\/p>\n<\/div>\n<\/div>\n\n\n\n<div class=\"wp-block-columns is-layout-flex wp-container-core-columns-is-layout-9d6595d7 wp-block-columns-is-layout-flex\">\n<div class=\"wp-block-column is-layout-flow wp-block-column-is-layout-flow\"><\/div>\n\n\n\n<div class=\"wp-block-column is-layout-flow wp-block-column-is-layout-flow\"><\/div>\n<\/div>\n\n\n\n<div class=\"wp-block-group alignwide has-background\" style=\"background-color:#e3a1271c\"><div class=\"wp-block-group__inner-container is-layout-flow wp-block-group-is-layout-flow\"><\/div><\/div>\n\n\n\n<figure class=\"wp-block-gallery alignwide has-nested-images columns-default is-cropped wp-block-gallery-1 is-layout-flex wp-block-gallery-is-layout-flex\">\n<figure class=\"wp-block-image size-full\"><img loading=\"lazy\" decoding=\"async\" width=\"960\" height=\"720\" data-id=\"694\" src=\"https:\/\/romheritage.eu\/wp-content\/uploads\/2024\/11\/PosterGranada2.jpg\" alt=\"\" class=\"wp-image-694\" srcset=\"https:\/\/romheritage.eu\/wp-content\/uploads\/2024\/11\/PosterGranada2.jpg 960w, https:\/\/romheritage.eu\/wp-content\/uploads\/2024\/11\/PosterGranada2-300x225.jpg 300w, https:\/\/romheritage.eu\/wp-content\/uploads\/2024\/11\/PosterGranada2-768x576.jpg 768w\" sizes=\"auto, (max-width: 960px) 100vw, 960px\" \/><\/figure>\n\n\n\n<figure class=\"wp-block-image size-large\"><img loading=\"lazy\" decoding=\"async\" width=\"1024\" height=\"768\" data-id=\"695\" src=\"https:\/\/romheritage.eu\/wp-content\/uploads\/2024\/11\/RomheritageGranada03-1024x768.jpg\" alt=\"\" class=\"wp-image-695\" srcset=\"https:\/\/romheritage.eu\/wp-content\/uploads\/2024\/11\/RomheritageGranada03-1024x768.jpg 1024w, https:\/\/romheritage.eu\/wp-content\/uploads\/2024\/11\/RomheritageGranada03-300x225.jpg 300w, https:\/\/romheritage.eu\/wp-content\/uploads\/2024\/11\/RomheritageGranada03-768x576.jpg 768w, https:\/\/romheritage.eu\/wp-content\/uploads\/2024\/11\/RomheritageGranada03-1536x1152.jpg 1536w, https:\/\/romheritage.eu\/wp-content\/uploads\/2024\/11\/RomheritageGranada03-1200x900.jpg 1200w, https:\/\/romheritage.eu\/wp-content\/uploads\/2024\/11\/RomheritageGranada03-1320x990.jpg 1320w, https:\/\/romheritage.eu\/wp-content\/uploads\/2024\/11\/RomheritageGranada03.jpg 1600w\" sizes=\"auto, (max-width: 1024px) 100vw, 1024px\" \/><\/figure>\n<\/figure>\n","protected":false},"excerpt":{"rendered":"<p>The Ethnological Museum of Romani Woman (Granada, Spain) hosted the presentation of the project &#8220;European Itineraries of Roma Cultural Heritage (ROMHERITAGE)&#8221;, on November 21th, 2024. The Junta de Andaluc\u00eda (Regional Government of Andalusia, Spain) supported the European Itineraries of Roma Cultural Heritage (Romheritage) during the presentation of the project that took place at the Ethnological [&hellip;]<\/p>\n","protected":false},"author":1,"featured_media":0,"parent":0,"menu_order":0,"comment_status":"closed","ping_status":"closed","template":"","meta":{"footnotes":""},"class_list":["post-691","page","type-page","status-publish","hentry"],"yoast_head":"<!-- This site is optimized with the Yoast SEO plugin v21.3 - https:\/\/yoast.com\/wordpress\/plugins\/seo\/ -->\n<title>Granada - ROMHERITAGE<\/title>\n<meta name=\"robots\" content=\"index, follow, max-snippet:-1, max-image-preview:large, max-video-preview:-1\" \/>\n<link rel=\"canonical\" href=\"https:\/\/romheritage.eu\/?page_id=691\" \/>\n<meta property=\"og:locale\" content=\"en_US\" \/>\n<meta property=\"og:type\" content=\"article\" \/>\n<meta property=\"og:title\" content=\"Granada - ROMHERITAGE\" \/>\n<meta property=\"og:description\" content=\"The Ethnological Museum of Romani Woman (Granada, Spain) hosted the presentation of the project &#8220;European Itineraries of Roma Cultural Heritage (ROMHERITAGE)&#8221;, on November 21th, 2024. The Junta de Andaluc\u00eda (Regional Government of Andalusia, Spain) supported the European Itineraries of Roma Cultural Heritage (Romheritage) during the presentation of the project that took place at the Ethnological [&hellip;]\" \/>\n<meta property=\"og:url\" content=\"https:\/\/romheritage.eu\/?page_id=691\" \/>\n<meta property=\"og:site_name\" content=\"ROMHERITAGE\" \/>\n<meta property=\"article:modified_time\" content=\"2024-11-27T18:20:38+00:00\" \/>\n<meta property=\"og:image\" content=\"https:\/\/romheritage.eu\/wp-content\/uploads\/2024\/11\/PosterGranada2.jpg\" \/>\n<meta name=\"twitter:card\" content=\"summary_large_image\" \/>\n<meta name=\"twitter:label1\" content=\"Est. reading time\" \/>\n\t<meta name=\"twitter:data1\" content=\"4 minutes\" \/>\n<script type=\"application\/ld+json\" class=\"yoast-schema-graph\">{\"@context\":\"https:\/\/schema.org\",\"@graph\":[{\"@type\":\"WebPage\",\"@id\":\"https:\/\/romheritage.eu\/?page_id=691\",\"url\":\"https:\/\/romheritage.eu\/?page_id=691\",\"name\":\"Granada - ROMHERITAGE\",\"isPartOf\":{\"@id\":\"https:\/\/romheritage.eu\/#website\"},\"datePublished\":\"2024-11-25T17:25:33+00:00\",\"dateModified\":\"2024-11-27T18:20:38+00:00\",\"breadcrumb\":{\"@id\":\"https:\/\/romheritage.eu\/?page_id=691#breadcrumb\"},\"inLanguage\":\"en-US\",\"potentialAction\":[{\"@type\":\"ReadAction\",\"target\":[\"https:\/\/romheritage.eu\/?page_id=691\"]}]},{\"@type\":\"BreadcrumbList\",\"@id\":\"https:\/\/romheritage.eu\/?page_id=691#breadcrumb\",\"itemListElement\":[{\"@type\":\"ListItem\",\"position\":1,\"name\":\"Portada\",\"item\":\"https:\/\/romheritage.eu\/\"},{\"@type\":\"ListItem\",\"position\":2,\"name\":\"Granada\"}]},{\"@type\":\"WebSite\",\"@id\":\"https:\/\/romheritage.eu\/#website\",\"url\":\"https:\/\/romheritage.eu\/\",\"name\":\"ROMHERITAGE\",\"description\":\"\",\"publisher\":{\"@id\":\"https:\/\/romheritage.eu\/#organization\"},\"potentialAction\":[{\"@type\":\"SearchAction\",\"target\":{\"@type\":\"EntryPoint\",\"urlTemplate\":\"https:\/\/romheritage.eu\/?s={search_term_string}\"},\"query-input\":\"required name=search_term_string\"}],\"inLanguage\":\"en-US\"},{\"@type\":\"Organization\",\"@id\":\"https:\/\/romheritage.eu\/#organization\",\"name\":\"ROMHERITAGE\",\"url\":\"https:\/\/romheritage.eu\/\",\"logo\":{\"@type\":\"ImageObject\",\"inLanguage\":\"en-US\",\"@id\":\"https:\/\/romheritage.eu\/#\/schema\/logo\/image\/\",\"url\":\"https:\/\/romheritage.eu\/wp-content\/uploads\/2023\/02\/Logo-Vertical.jpg\",\"contentUrl\":\"https:\/\/romheritage.eu\/wp-content\/uploads\/2023\/02\/Logo-Vertical.jpg\",\"width\":492,\"height\":389,\"caption\":\"ROMHERITAGE\"},\"image\":{\"@id\":\"https:\/\/romheritage.eu\/#\/schema\/logo\/image\/\"}}]}<\/script>\n<!-- \/ Yoast SEO plugin. -->","yoast_head_json":{"title":"Granada - ROMHERITAGE","robots":{"index":"index","follow":"follow","max-snippet":"max-snippet:-1","max-image-preview":"max-image-preview:large","max-video-preview":"max-video-preview:-1"},"canonical":"https:\/\/romheritage.eu\/?page_id=691","og_locale":"en_US","og_type":"article","og_title":"Granada - ROMHERITAGE","og_description":"The Ethnological Museum of Romani Woman (Granada, Spain) hosted the presentation of the project &#8220;European Itineraries of Roma Cultural Heritage (ROMHERITAGE)&#8221;, on November 21th, 2024. The Junta de Andaluc\u00eda (Regional Government of Andalusia, Spain) supported the European Itineraries of Roma Cultural Heritage (Romheritage) during the presentation of the project that took place at the Ethnological [&hellip;]","og_url":"https:\/\/romheritage.eu\/?page_id=691","og_site_name":"ROMHERITAGE","article_modified_time":"2024-11-27T18:20:38+00:00","og_image":[{"url":"https:\/\/romheritage.eu\/wp-content\/uploads\/2024\/11\/PosterGranada2.jpg"}],"twitter_card":"summary_large_image","twitter_misc":{"Est. reading time":"4 minutes"},"schema":{"@context":"https:\/\/schema.org","@graph":[{"@type":"WebPage","@id":"https:\/\/romheritage.eu\/?page_id=691","url":"https:\/\/romheritage.eu\/?page_id=691","name":"Granada - ROMHERITAGE","isPartOf":{"@id":"https:\/\/romheritage.eu\/#website"},"datePublished":"2024-11-25T17:25:33+00:00","dateModified":"2024-11-27T18:20:38+00:00","breadcrumb":{"@id":"https:\/\/romheritage.eu\/?page_id=691#breadcrumb"},"inLanguage":"en-US","potentialAction":[{"@type":"ReadAction","target":["https:\/\/romheritage.eu\/?page_id=691"]}]},{"@type":"BreadcrumbList","@id":"https:\/\/romheritage.eu\/?page_id=691#breadcrumb","itemListElement":[{"@type":"ListItem","position":1,"name":"Portada","item":"https:\/\/romheritage.eu\/"},{"@type":"ListItem","position":2,"name":"Granada"}]},{"@type":"WebSite","@id":"https:\/\/romheritage.eu\/#website","url":"https:\/\/romheritage.eu\/","name":"ROMHERITAGE","description":"","publisher":{"@id":"https:\/\/romheritage.eu\/#organization"},"potentialAction":[{"@type":"SearchAction","target":{"@type":"EntryPoint","urlTemplate":"https:\/\/romheritage.eu\/?s={search_term_string}"},"query-input":"required name=search_term_string"}],"inLanguage":"en-US"},{"@type":"Organization","@id":"https:\/\/romheritage.eu\/#organization","name":"ROMHERITAGE","url":"https:\/\/romheritage.eu\/","logo":{"@type":"ImageObject","inLanguage":"en-US","@id":"https:\/\/romheritage.eu\/#\/schema\/logo\/image\/","url":"https:\/\/romheritage.eu\/wp-content\/uploads\/2023\/02\/Logo-Vertical.jpg","contentUrl":"https:\/\/romheritage.eu\/wp-content\/uploads\/2023\/02\/Logo-Vertical.jpg","width":492,"height":389,"caption":"ROMHERITAGE"},"image":{"@id":"https:\/\/romheritage.eu\/#\/schema\/logo\/image\/"}}]}},"jetpack_sharing_enabled":true,"_links":{"self":[{"href":"https:\/\/romheritage.eu\/index.php?rest_route=\/wp\/v2\/pages\/691","targetHints":{"allow":["GET"]}}],"collection":[{"href":"https:\/\/romheritage.eu\/index.php?rest_route=\/wp\/v2\/pages"}],"about":[{"href":"https:\/\/romheritage.eu\/index.php?rest_route=\/wp\/v2\/types\/page"}],"author":[{"embeddable":true,"href":"https:\/\/romheritage.eu\/index.php?rest_route=\/wp\/v2\/users\/1"}],"replies":[{"embeddable":true,"href":"https:\/\/romheritage.eu\/index.php?rest_route=%2Fwp%2Fv2%2Fcomments&post=691"}],"version-history":[{"count":14,"href":"https:\/\/romheritage.eu\/index.php?rest_route=\/wp\/v2\/pages\/691\/revisions"}],"predecessor-version":[{"id":722,"href":"https:\/\/romheritage.eu\/index.php?rest_route=\/wp\/v2\/pages\/691\/revisions\/722"}],"wp:attachment":[{"href":"https:\/\/romheritage.eu\/index.php?rest_route=%2Fwp%2Fv2%2Fmedia&parent=691"}],"curies":[{"name":"wp","href":"https:\/\/api.w.org\/{rel}","templated":true}]}}